{"id":417,"date":"2023-12-02T12:52:44","date_gmt":"2023-12-02T12:52:44","guid":{"rendered":"https:\/\/demo.themesartist.com\/bizdirectory\/?page_id=417"},"modified":"2026-03-03T12:45:17","modified_gmt":"2026-03-03T12:45:17","slug":"home-3","status":"publish","type":"page","link":"https:\/\/swissad.me\/de\/","title":{"rendered":"Home"},"content":{"rendered":"<ul class=\"wp-block-latest-posts__list is-grid columns-3 wp-block-latest-posts\"><li><a class=\"wp-block-latest-posts__post-title\" href=\"https:\/\/swissad.me\/de\/%d1%84%d0%be%d0%bc\/\">\u0424\u043e\u0440\u043c\u0438\u0440\u043e\u0432\u0430\u043d\u0438\u0435 \u043e\u0431\u0449\u0435\u0441\u0442\u0432\u0435\u043d\u043d\u043e\u0433\u043e \u043c\u043d\u0435\u043d\u0438\u044f<\/a><div class=\"wp-block-latest-posts__post-excerpt\">\u0424\u043e\u0440\u043c\u0438\u0440\u043e\u0432\u0430\u043d\u0438\u0435 \u043f\u043e\u0432\u0435\u0441\u0442\u0432\u043e\u0432\u0430\u043d\u0438\u044f \u0420\u0430\u0441\u043f\u0440\u043e\u0441\u0442\u0440\u0430\u043d\u0435\u043d\u0438\u0435 \u0438\u043d\u0444\u043e\u0440\u043c\u0430\u0446\u0438\u0438 \u0423\u043f\u0440\u0430\u0432\u043b\u0435\u043d\u0438\u0435 \u043e\u0431\u0449\u0435\u0441\u0442\u0432\u0435\u043d\u043d\u044b\u043c \u043c\u043d\u0435\u043d\u0438\u0435\u043c \u041f\u0441\u0438\u0445\u043e\u043b\u043e\u0433\u0438\u0447\u0435\u0441\u043a\u0438\u0435 \u043e\u043f\u0435\u0440\u0430\u0446\u0438\u0438<\/div><\/li>\n<li><a class=\"wp-block-latest-posts__post-title\" href=\"https:\/\/swissad.me\/de\/%d1%81%d0%b2%d1%8f%d0%b7%d0%b8-%d1%81-%d0%be%d0%b1%d1%89%d0%b5%d1%81%d1%82%d0%b2%d0%b5%d0%bd%d0%bd%d0%be%d1%81%d1%82%d1%8c%d1%8e-pr\/\">\u0421\u0432\u044f\u0437\u0438 \u0441 \u043e\u0431\u0449\u0435\u0441\u0442\u0432\u0435\u043d\u043d\u043e\u0441\u0442\u044c\u044e (PR)<\/a><div class=\"wp-block-latest-posts__post-excerpt\">\u0421\u0442\u0440\u0430\u0442\u0435\u0433\u0438\u0447\u0435\u0441\u043a\u0438\u0435 \u043a\u043e\u043c\u043c\u0443\u043d\u0438\u043a\u0430\u0446\u0438\u0438 \u0438 \u0443\u043f\u0440\u0430\u0432\u043b\u0435\u043d\u0438\u0435 \u0440\u0435\u043f\u0443\u0442\u0430\u0446\u0438\u0435\u0439: \u041c\u043e\u043d\u0438\u0442\u043e\u0440\u0438\u043d\u0433 \u0438 \u0443\u043f\u0440\u0430\u0432\u043b\u0435\u043d\u0438\u0435 \u0440\u0435\u043f\u0443\u0442\u0430\u0446\u0438\u0435\u0439 (\u043e\u043d\u043b\u0430\u0439\u043d \u0438 \u043e\u0444\u043b\u0430\u0439\u043d). \u0420\u0430\u0437\u0440\u0430\u0431\u043e\u0442\u043a\u0430 \u043a\u0443\u043b\u044c\u0442\u0443\u0440\u043d\u043e \u0437\u043d\u0430\u0447\u0438\u043c\u044b\u0445 \u0441\u043e\u043e\u0431\u0449\u0435\u043d\u0438\u0439 \u0434\u043b\u044f \u043a\u0430\u0436\u0434\u043e\u0433\u043e \u0440\u0435\u0433\u0438\u043e\u043d\u0430. \u041a\u0430\u0440\u0442\u0438\u0440\u043e\u0432\u0430\u043d\u0438\u0435 \u0438 \u0432\u043e\u0432\u043b\u0435\u0447\u0435\u043d\u0438\u0435 \u0437\u0430\u0438\u043d\u0442\u0435\u0440\u0435\u0441\u043e\u0432\u0430\u043d\u043d\u044b\u0445 \u0441\u0442\u043e\u0440\u043e\u043d (\u0421\u041c\u0418, \u0432\u043b\u0438\u044f\u0442\u0435\u043b\u044c\u043d\u044b\u0435 \u043b\u0438\u0446\u0430, \u043b\u0438\u0434\u0435\u0440\u044b \u0441\u043e\u043e\u0431\u0449\u0435\u0441\u0442\u0432). \u041f\u043b\u0430\u043d\u0438\u0440\u043e\u0432\u0430\u043d\u0438\u0435 &hellip; <\/div><\/li>\n<li><a class=\"wp-block-latest-posts__post-title\" href=\"https:\/\/swissad.me\/de\/%d1%84%d0%b8%d0%bd%d0%b0%d0%bd%d1%81%d0%be%d0%b2%d1%8b%d0%b5-%d0%b8%d1%81%d1%81%d0%bb%d0%b5%d0%b4%d0%be%d0%b2%d0%b0%d0%bd%d0%b8%d1%8f\/\">\u0424\u0438\u043d\u0430\u043d\u0441\u043e\u0432\u044b\u0435 \u0438\u0441\u0441\u043b\u0435\u0434\u043e\u0432\u0430\u043d\u0438\u044f<\/a><div class=\"wp-block-latest-posts__post-excerpt\">\u0418\u043d\u0432\u0435\u0441\u0442\u0438\u0446\u0438\u043e\u043d\u043d\u044b\u0435 \u0438\u0441\u0441\u043b\u0435\u0434\u043e\u0432\u0430\u043d\u0438\u044f: \u0410\u043d\u0430\u043b\u0438\u0437 \u0444\u0438\u043d\u0430\u043d\u0441\u043e\u0432\u044b\u0445 \u0440\u044b\u043d\u043a\u043e\u0432, \u043a\u043e\u043c\u043f\u0430\u043d\u0438\u0439 \u0438 \u0438\u043d\u0432\u0435\u0441\u0442\u0438\u0446\u0438\u043e\u043d\u043d\u044b\u0445 \u0432\u043e\u0437\u043c\u043e\u0436\u043d\u043e\u0441\u0442\u0435\u0439. \u0424\u0438\u043d\u0430\u043d\u0441\u043e\u0432\u043e\u0435 \u043c\u043e\u0434\u0435\u043b\u0438\u0440\u043e\u0432\u0430\u043d\u0438\u0435 \u0438 \u0430\u043d\u0430\u043b\u0438\u0437: \u0421\u043e\u0437\u0434\u0430\u043d\u0438\u0435 \u0444\u0438\u043d\u0430\u043d\u0441\u043e\u0432\u044b\u0445 \u043c\u043e\u0434\u0435\u043b\u0435\u0439 \u0438 \u043f\u0440\u043e\u0432\u0435\u0434\u0435\u043d\u0438\u0435 \u0444\u0438\u043d\u0430\u043d\u0441\u043e\u0432\u043e\u0433\u043e \u0430\u043d\u0430\u043b\u0438\u0437\u0430 \u0434\u043b\u044f \u043f\u0440\u0435\u0434\u043f\u0440\u0438\u044f\u0442\u0438\u0439 \u0438\u043b\u0438 \u0438\u043d\u0432\u0435\u0441\u0442\u043e\u0440\u043e\u0432.<\/div><\/li>\n<li><a class=\"wp-block-latest-posts__post-title\" href=\"https:\/\/swissad.me\/de\/%d1%81%d0%bf%d0%b5%d1%86%d0%b8%d0%b0%d0%bb%d0%b8%d0%b7%d0%b8%d1%80%d0%be%d0%b2%d0%b0%d0%bd%d0%bd%d1%8b%d0%b5-%d0%b8%d1%81%d1%81%d0%bb%d0%b5%d0%b4%d0%be%d0%b2%d0%b0%d0%bd%d0%b8%d1%8f\/\">\u0421\u043f\u0435\u0446\u0438\u0430\u043b\u0438\u0437\u0438\u0440\u043e\u0432\u0430\u043d\u043d\u044b\u0435 \u0438\u0441\u0441\u043b\u0435\u0434\u043e\u0432\u0430\u043d\u0438\u044f<\/a><div class=\"wp-block-latest-posts__post-excerpt\">\u041f\u043e\u0434\u0434\u0435\u0440\u0436\u043a\u0430 \u043c\u0435\u0434\u0438\u0446\u0438\u043d\u0441\u043a\u0438\u0445 \u0438\u0441\u0441\u043b\u0435\u0434\u043e\u0432\u0430\u043d\u0438\u0439: \u043f\u043e\u043c\u043e\u0449\u044c \u0432 \u043e\u0431\u0437\u043e\u0440\u0430\u0445 \u043b\u0438\u0442\u0435\u0440\u0430\u0442\u0443\u0440\u044b, \u0430\u043d\u0430\u043b\u0438\u0437\u0435 \u0434\u0430\u043d\u043d\u044b\u0445 \u0438 \u0432\u044b\u043f\u043e\u043b\u043d\u0435\u043d\u0438\u0438 \u0434\u0440\u0443\u0433\u0438\u0445 \u0438\u0441\u0441\u043b\u0435\u0434\u043e\u0432\u0430\u0442\u0435\u043b\u044c\u0441\u043a\u0438\u0445 \u0437\u0430\u0434\u0430\u0447 \u0434\u043b\u044f \u043c\u0435\u0434\u0438\u0446\u0438\u043d\u0441\u043a\u0438\u0445 \u0440\u0430\u0431\u043e\u0442\u043d\u0438\u043a\u043e\u0432 \u0438\u043b\u0438 \u0438\u0441\u0441\u043b\u0435\u0434\u043e\u0432\u0430\u0442\u0435\u043b\u0435\u0439. \u041f\u043e\u0434\u0434\u0435\u0440\u0436\u043a\u0430 \u043d\u0430\u0443\u0447\u043d\u044b\u0445 \u0438\u0441\u0441\u043b\u0435\u0434\u043e\u0432\u0430\u043d\u0438\u0439: \u043f\u0440\u0435\u0434\u043e\u0441\u0442\u0430\u0432\u043b\u0435\u043d\u0438\u0435 \u043f\u043e\u0434\u0434\u0435\u0440\u0436\u043a\u0438 \u0438\u0441\u0441\u043b\u0435\u0434\u043e\u0432\u0430\u043d\u0438\u0439 \u0432 \u043e\u043f\u0440\u0435\u0434\u0435\u043b\u0435\u043d\u043d\u044b\u0445 \u043d\u0430\u0443\u0447\u043d\u044b\u0445 \u043e\u0431\u043b\u0430\u0441\u0442\u044f\u0445, \u0442\u0430\u043a\u0438\u0445 &hellip; <\/div><\/li>\n<li><a class=\"wp-block-latest-posts__post-title\" href=\"https:\/\/swissad.me\/de\/%d1%86%d0%b8%d1%84%d1%80%d0%be%d0%b2%d0%be%d0%b9-%d0%bc%d0%b0%d1%80%d0%ba%d0%b5%d1%82%d0%b8%d0%bd%d0%b3\/\">\u0426\u0438\u0444\u0440\u043e\u0432\u043e\u0439 \u041c\u0430\u0440\u043a\u0435\u0442\u0438\u043d\u0433<\/a><div class=\"wp-block-latest-posts__post-excerpt\">\u041f\u043e\u0438\u0441\u043a\u043e\u0432\u0430\u044f \u043e\u043f\u0442\u0438\u043c\u0438\u0437\u0430\u0446\u0438\u044f (SEO): \u043e\u043f\u0442\u0438\u043c\u0438\u0437\u0430\u0446\u0438\u044f \u0432\u0430\u0448\u0435\u0433\u043e \u0432\u0435\u0431-\u0441\u0430\u0439\u0442\u0430 \u0434\u043b\u044f \u043f\u043e\u0432\u044b\u0448\u0435\u043d\u0438\u044f \u0440\u0435\u0439\u0442\u0438\u043d\u0433\u0430 \u043d\u0430 \u0441\u0442\u0440\u0430\u043d\u0438\u0446\u0430\u0445 \u0440\u0435\u0437\u0443\u043b\u044c\u0442\u0430\u0442\u043e\u0432 \u043f\u043e\u0438\u0441\u043a\u043e\u0432\u044b\u0445 \u0441\u0438\u0441\u0442\u0435\u043c (SERP). \u041c\u0430\u0440\u043a\u0435\u0442\u0438\u043d\u0433 \u0432 \u043f\u043e\u0438\u0441\u043a\u043e\u0432\u044b\u0445 \u0441\u0438\u0441\u0442\u0435\u043c\u0430\u0445: \u043f\u043b\u0430\u0442\u043d\u0430\u044f \u0440\u0435\u043a\u043b\u0430\u043c\u0430 \u0432 \u043f\u043e\u0438\u0441\u043a\u043e\u0432\u044b\u0445 \u0441\u0438\u0441\u0442\u0435\u043c\u0430\u0445, \u0442\u0430\u043a\u0438\u0445 \u043a\u0430\u043a Google. \u041c\u0430\u0440\u043a\u0435\u0442\u0438\u043d\u0433 \u0432 \u0441\u043e\u0446\u0438\u0430\u043b\u044c\u043d\u044b\u0445 &hellip; <\/div><\/li>\n<li><div class=\"wp-block-latest-posts__featured-image\"><img loading=\"lazy\" decoding=\"async\" width=\"111\" height=\"150\" src=\"https:\/\/swissad.me\/wp-content\/uploads\/2024\/11\/swissad.me-archaology-research.png\" class=\"attachment-thumbnail size-thumbnail wp-post-image\" alt=\"\" style=\"\" \/><\/div><a class=\"wp-block-latest-posts__post-title\" href=\"https:\/\/swissad.me\/de\/%d0%bf%d1%80%d0%b0%d0%b2%d0%be%d0%b2%d1%8b%d0%b5-%d0%b8-%d1%81%d0%bb%d0%b5%d0%b4%d1%81%d1%82%d0%b2%d0%b5%d0%bd%d0%bd%d1%8b%d0%b5-%d0%b8%d1%81%d1%81%d0%bb%d0%b5%d0%b4%d0%be%d0%b2%d0%b0%d0%bd%d0%b8\/\">\u041f\u0440\u0430\u0432\u043e\u0432\u044b\u0435 \u0438 \u0441\u043b\u0435\u0434\u0441\u0442\u0432\u0435\u043d\u043d\u044b\u0435 \u0438\u0441\u0441\u043b\u0435\u0434\u043e\u0432\u0430\u043d\u0438\u044f<\/a><div class=\"wp-block-latest-posts__post-excerpt\">\u041f\u0440\u043e\u0432\u0435\u0440\u043a\u0430 \u0431\u0438\u043e\u0433\u0440\u0430\u0444\u0438\u0447\u0435\u0441\u043a\u0438\u0445 \u0434\u0430\u043d\u043d\u044b\u0445: \u043f\u0440\u043e\u0432\u0435\u0434\u0435\u043d\u0438\u0435 \u043f\u0440\u043e\u0432\u0435\u0440\u043e\u043a \u0431\u0438\u043e\u0433\u0440\u0430\u0444\u0438\u0447\u0435\u0441\u043a\u0438\u0445 \u0434\u0430\u043d\u043d\u044b\u0445 \u043e\u0442\u0434\u0435\u043b\u044c\u043d\u044b\u0445 \u043b\u0438\u0446 \u0438\u043b\u0438 \u043a\u043e\u043c\u043f\u0430\u043d\u0438\u0439 \u0434\u043b\u044f \u043e\u0442\u0431\u043e\u0440\u0430 \u043f\u0440\u0438 \u043f\u0440\u0438\u0435\u043c\u0435 \u043d\u0430 \u0440\u0430\u0431\u043e\u0442\u0443, \u043a\u043e\u043c\u043f\u043b\u0435\u043a\u0441\u043d\u043e\u0439 \u043f\u0440\u043e\u0432\u0435\u0440\u043a\u0438 \u0438\u043b\u0438 \u0434\u0440\u0443\u0433\u0438\u0445 \u0446\u0435\u043b\u0435\u0439. \u0418\u0441\u0441\u043b\u0435\u0434\u043e\u0432\u0430\u043d\u0438\u0435 \u043f\u0443\u0431\u043b\u0438\u0447\u043d\u044b\u0445 \u0437\u0430\u043f\u0438\u0441\u0435\u0439: \u043f\u043e\u0438\u0441\u043a \u0432 \u043f\u0443\u0431\u043b\u0438\u0447\u043d\u044b\u0445 \u0437\u0430\u043f\u0438\u0441\u044f\u0445 \u0438\u043d\u0444\u043e\u0440\u043c\u0430\u0446\u0438\u0438 &hellip; <\/div><\/li>\n<li><div class=\"wp-block-latest-posts__featured-image\"><img loading=\"lazy\" decoding=\"async\" width=\"150\" height=\"150\" src=\"https:\/\/swissad.me\/wp-content\/uploads\/2024\/11\/carswissad-150x150.png\" class=\"attachment-thumbnail size-thumbnail wp-post-image\" alt=\"\" style=\"\" srcset=\"https:\/\/swissad.me\/wp-content\/uploads\/2024\/11\/carswissad-150x150.png 150w, https:\/\/swissad.me\/wp-content\/uploads\/2024\/11\/carswissad-300x300.png 300w, https:\/\/swissad.me\/wp-content\/uploads\/2024\/11\/carswissad-100x100.png 100w, https:\/\/swissad.me\/wp-content\/uploads\/2024\/11\/carswissad.png 500w\" sizes=\"auto, (max-width: 150px) 100vw, 150px\" \/><\/div><a class=\"wp-block-latest-posts__post-title\" href=\"https:\/\/swissad.me\/de\/%d0%b2%d0%b8%d0%bd%d1%82%d0%b0%d0%b6%d0%bd%d1%8b%d0%b5-%d0%b8%d1%81%d1%81%d0%bb%d0%b5%d0%b4%d0%be%d0%b2%d0%b0%d0%bd%d0%b8%d1%8f\/\">\u0412\u0418\u041d\u0422\u0410\u0416\u041d\u042b\u0415 \u0418\u0421\u0421\u041b\u0415\u0414\u041e\u0412\u0410\u041d\u0418\u042f<\/a><div class=\"wp-block-latest-posts__post-excerpt\">\u0418 \u041a\u041e\u041b\u041b\u0415\u041a\u0426\u0418\u041e\u041d\u041d\u042b\u0415 \u0410\u0412\u0422\u041e\u041c\u041e\u0411\u0418\u041b\u0418<\/div><\/li>\n<li><div class=\"wp-block-latest-posts__featured-image\"><img loading=\"lazy\" decoding=\"async\" width=\"150\" height=\"150\" src=\"https:\/\/swissad.me\/wp-content\/uploads\/2024\/11\/swissad.meantique-150x150.png\" class=\"attachment-thumbnail size-thumbnail wp-post-image\" alt=\"\" style=\"\" srcset=\"https:\/\/swissad.me\/wp-content\/uploads\/2024\/11\/swissad.meantique-150x150.png 150w, https:\/\/swissad.me\/wp-content\/uploads\/2024\/11\/swissad.meantique-300x300.png 300w, https:\/\/swissad.me\/wp-content\/uploads\/2024\/11\/swissad.meantique-100x100.png 100w, https:\/\/swissad.me\/wp-content\/uploads\/2024\/11\/swissad.meantique.png 500w\" sizes=\"auto, (max-width: 150px) 100vw, 150px\" \/><\/div><a class=\"wp-block-latest-posts__post-title\" href=\"https:\/\/swissad.me\/de\/%d0%b0%d0%bd%d1%82%d0%b8%d0%ba%d0%b2%d0%b0%d1%80%d0%b8%d0%b0%d1%82\/\">\u0410\u043d\u0442\u0438\u043a\u0432\u0430\u0440\u0438\u0430\u0442<\/a><div class=\"wp-block-latest-posts__post-excerpt\">\u0418\u0421\u0421\u041b\u0415\u0414\u041e\u0412\u0410\u041d\u0418\u0415 \u0420\u042b\u041d\u041a\u0410<\/div><\/li>\n<li><a class=\"wp-block-latest-posts__post-title\" href=\"https:\/\/swissad.me\/de\/%d0%ba%d0%be%d0%bd%d1%81%d0%b0%d0%bb%d1%82%d0%b8%d0%bd%d0%b3%d0%be%d0%b2%d1%8b%d0%b5-%d1%83%d1%81%d0%bb%d1%83%d0%b3%d0%b8-%d0%bc%d1%81%d0%bf\/\">\u041a\u043e\u043d\u0441\u0430\u043b\u0442\u0438\u043d\u0433\u043e\u0432\u044b\u0435 \u0443\u0441\u043b\u0443\u0433\u0438 \u041c\u0421\u041f<\/a><div class=\"wp-block-latest-posts__post-excerpt\">\u0418\u043d\u0434\u0438\u0432\u0438\u0434\u0443\u0430\u043b\u044c\u043d\u044b\u0439 \u041c\u041f\u0421-\u043a\u043e\u043d\u0441\u0430\u043b\u0442\u0438\u043d\u0433: \u0421\u0442\u0430\u0440\u0442\u0430\u043f\u044b: \u043f\u0440\u043e\u0432\u0435\u0440\u043a\u0430 \u0441\u0442\u0440\u0430\u0442\u0435\u0433\u0438\u0438 \u043f\u0440\u0435\u0434\u0432\u0430\u0440\u0438\u0442\u0435\u043b\u044c\u043d\u043e\u0433\u043e \u0444\u0438\u043d\u0430\u043d\u0441\u0438\u0440\u043e\u0432\u0430\u043d\u0438\u044f.\u041f\u0440\u043e\u0430\u043d\u0430\u043b\u0438\u0437\u0438\u0440\u0443\u0439\u0442\u0435 \u0440\u0438\u0441\u043a\u0438 \u0432\u044b\u0445\u043e\u0434\u0430 \u043d\u0430 \u0440\u044b\u043d\u043e\u043a \u0434\u043b\u044f \u0444\u0438\u043d\u0442\u0435\u0445-\u043f\u0440\u0438\u043b\u043e\u0436\u0435\u043d\u0438\u044f, \u043e\u0440\u0438\u0435\u043d\u0442\u0438\u0440\u043e\u0432\u0430\u043d\u043d\u043e\u0433\u043e \u043d\u0430 \u0421\u0430\u0443\u0434\u043e\u0432\u0441\u043a\u0443\u044e \u0410\u0440\u0430\u0432\u0438\u044e. \u041c\u0421\u041f: \u200b\u200b\u043a\u043e\u043d\u043a\u0443\u0440\u0435\u043d\u0442\u043d\u043e\u0435 \u043f\u043e\u0437\u0438\u0446\u0438\u043e\u043d\u0438\u0440\u043e\u0432\u0430\u043d\u0438\u0435 (\u0441\u0435\u043c\u0435\u0439\u043d\u044b\u0435 \u0440\u043e\u0437\u043d\u0438\u0447\u043d\u044b\u0435 \u0441\u0435\u0442\u0438, \u0440\u0430\u0441\u0448\u0438\u0440\u044f\u044e\u0449\u0438\u0435\u0441\u044f \u0432 \u0440\u0435\u0433\u0438\u043e\u043d\u0430\u043b\u044c\u043d\u043e\u043c \u043c\u0430\u0441\u0448\u0442\u0430\u0431\u0435). \u041d\u041f\u041e\/\u043f\u0440\u0430\u0432\u0438\u0442\u0435\u043b\u044c\u0441\u0442\u0432\u043e: \u043e\u0446\u0435\u043d\u043a\u0430 \u0432\u043e\u0437\u0434\u0435\u0439\u0441\u0442\u0432\u0438\u044f &hellip; <\/div><\/li>\n<li><a class=\"wp-block-latest-posts__post-title\" href=\"https:\/\/swissad.me\/de\/swot-consulting-services\/\">SWOT Consulting Services<\/a><div class=\"wp-block-latest-posts__post-excerpt\">Custom SWOT Consulting: 1. Target Audience Startups: Pre-funding strategy validation.Analyze market entry risks for a fintech app targeting Saudi Arabia. SMEs: Competitive positioning (family-owned retail chains expanding regionally). NGOs\/Government: Program &hellip; <\/div><\/li>\n<li><div class=\"wp-block-latest-posts__featured-image\"><img loading=\"lazy\" decoding=\"async\" width=\"150\" height=\"150\" src=\"https:\/\/swissad.me\/wp-content\/uploads\/2024\/11\/swissad.meantique-150x150.png\" class=\"attachment-thumbnail size-thumbnail wp-post-image\" alt=\"\" style=\"\" srcset=\"https:\/\/swissad.me\/wp-content\/uploads\/2024\/11\/swissad.meantique-150x150.png 150w, https:\/\/swissad.me\/wp-content\/uploads\/2024\/11\/swissad.meantique-300x300.png 300w, https:\/\/swissad.me\/wp-content\/uploads\/2024\/11\/swissad.meantique-100x100.png 100w, https:\/\/swissad.me\/wp-content\/uploads\/2024\/11\/swissad.meantique.png 500w\" sizes=\"auto, (max-width: 150px) 100vw, 150px\" \/><\/div><a class=\"wp-block-latest-posts__post-title\" href=\"https:\/\/swissad.me\/de\/antiques\/\">ANTIQUIT\u00c4TEN<\/a><div class=\"wp-block-latest-posts__post-excerpt\">FORSCHUNGSMARKT<\/div><\/li>\n<li><div class=\"wp-block-latest-posts__featured-image\"><img loading=\"lazy\" decoding=\"async\" width=\"150\" height=\"150\" src=\"https:\/\/swissad.me\/wp-content\/uploads\/2024\/11\/carswissad-150x150.png\" class=\"attachment-thumbnail size-thumbnail wp-post-image\" alt=\"\" style=\"\" srcset=\"https:\/\/swissad.me\/wp-content\/uploads\/2024\/11\/carswissad-150x150.png 150w, https:\/\/swissad.me\/wp-content\/uploads\/2024\/11\/carswissad-300x300.png 300w, https:\/\/swissad.me\/wp-content\/uploads\/2024\/11\/carswissad-100x100.png 100w, https:\/\/swissad.me\/wp-content\/uploads\/2024\/11\/carswissad.png 500w\" sizes=\"auto, (max-width: 150px) 100vw, 150px\" \/><\/div><a class=\"wp-block-latest-posts__post-title\" href=\"https:\/\/swissad.me\/de\/vintage-research\/\">VINTAGE-FORSCHUNG<\/a><div class=\"wp-block-latest-posts__post-excerpt\">UND SAMMLERAUTOS<\/div><\/li>\n<li><div class=\"wp-block-latest-posts__featured-image\"><img loading=\"lazy\" decoding=\"async\" width=\"111\" height=\"150\" src=\"https:\/\/swissad.me\/wp-content\/uploads\/2024\/11\/swissad.me-archaology-research.png\" class=\"attachment-thumbnail size-thumbnail wp-post-image\" alt=\"\" style=\"\" \/><\/div><a class=\"wp-block-latest-posts__post-title\" href=\"https:\/\/swissad.me\/de\/legal-investigative-research\/\">Rechtliche und investigative Recherche<\/a><div class=\"wp-block-latest-posts__post-excerpt\">Background Checks: Conducting background checks on individuals or companies for employment screening, due diligence, or other purposes. Public Records Research: Searching public records for information on individuals, businesses, or properties. &hellip; <\/div><\/li>\n<li><a class=\"wp-block-latest-posts__post-title\" href=\"https:\/\/swissad.me\/de\/unlocking-growth-top-digital-marketing-strategies-for-2024\/\">Digitalmarketing<\/a><div class=\"wp-block-latest-posts__post-excerpt\">Search Engine Optimization (SEO): Optimizing your website to rank higher in search engine results pages (SERPs). Search Engine Marketing (SEM): Paid advertising on search engines like Google. Social Media Marketing: &hellip; <\/div><\/li>\n<li><a class=\"wp-block-latest-posts__post-title\" href=\"https:\/\/swissad.me\/de\/how-to-drive-conversions-with-data-driven-digital-campaigns\/\">Spezialisierte Forschung<\/a><div class=\"wp-block-latest-posts__post-excerpt\">Medical Research Support: Assisting with literature reviews, data analysis, and other research tasks for medical professionals or researchers. Scientific Research Support: Providing research support in specific scientific fields, such as &hellip; <\/div><\/li>\n<li><a class=\"wp-block-latest-posts__post-title\" href=\"https:\/\/swissad.me\/de\/best-winter-collection-in-adlinin-2022\/\">Best Winter Collection In AdlinIn 2022<\/a><div class=\"wp-block-latest-posts__post-excerpt\">Lorem ipsum dolor sit amet, consectetur adipiscing elit. Donec eros elit, finibus a eros in, pharetra ultricies nulla. Vestibulum eu tincidunt tortor. Proin vulputate turpis quis lectus porta maximus. Vivamus &hellip; <\/div><\/li>\n<li><a class=\"wp-block-latest-posts__post-title\" href=\"https:\/\/swissad.me\/de\/latest-shopping-mall-for-updated-fashion\/\">Latest Shopping Mall For Updated Fashion<\/a><div class=\"wp-block-latest-posts__post-excerpt\">Lorem ipsum dolor sit amet, consectetur adipiscing elit. Donec eros elit, finibus a eros in, pharetra ultricies nulla. Vestibulum eu tincidunt tortor. Proin vulputate turpis quis lectus porta maximus. Vivamus &hellip; <\/div><\/li>\n<li><div class=\"wp-block-latest-posts__featured-image\"><\/div><a class=\"wp-block-latest-posts__post-title\" href=\"https:\/\/swissad.me\/de\/hello-world\/\">How To Find Best Food Restaurant In Adlin<\/a><div class=\"wp-block-latest-posts__post-excerpt\">Lorem ipsum dolor sit amet, consectetur adipiscing elit. Donec eros elit, finibus a eros in, pharetra ultricies nulla. Vestibulum eu tincidunt tortor. Proin vulputate turpis quis lectus porta maximus. Vivamus &hellip; <\/div><\/li>\n<li><a class=\"wp-block-latest-posts__post-title\" href=\"https:\/\/swissad.me\/de\/technology-that-lead-the-future-of-business-to-the-next-level\/\">Finanzforschung<\/a><div class=\"wp-block-latest-posts__post-excerpt\">Investment Research: Analyse von Finanzm\u00e4rkten, Unternehmen und Investitionsm\u00f6glichkeiten. Finanzmodellierung und -analyse: Erstellen von Finanzmodellen und Durchf\u00fchren von Finanzanalysen f\u00fcr Unternehmen oder Investoren.<\/div><\/li>\n<li><a class=\"wp-block-latest-posts__post-title\" href=\"https:\/\/swissad.me\/de\/public-relations-pr-services\/\">Public Relations (PR)-Dienstleistungen<\/a><div class=\"wp-block-latest-posts__post-excerpt\">Strategic Communication &amp; Reputation Management: Reputation monitoring and management (online and offline). Developing culturally relevant messaging for each region. Stakeholder mapping and engagement (media, influencers, community leaders). Crisis communication planning &hellip; <\/div><\/li>\n<li><a class=\"wp-block-latest-posts__post-title\" href=\"https:\/\/swissad.me\/de\/mentorship-match-what-are-the-simple-feature\/\">Branding und Identit\u00e4t<\/a><div class=\"wp-block-latest-posts__post-excerpt\">Entwicklung von Markenstrategien und -identit\u00e4ten, die beim lokalen Publikum Anklang finden. Erstellung von Marketingmaterialien und -kampagnen mit kultureller Relevanz.<\/div><\/li>\n<li><a class=\"wp-block-latest-posts__post-title\" href=\"https:\/\/swissad.me\/de\/propaganda-related-services\/\">Propagandabezogene Dienste<\/a><div class=\"wp-block-latest-posts__post-excerpt\">Narrative Gestaltung<\/div><\/li>\n<\/ul>","protected":false},"excerpt":{"rendered":"","protected":false},"author":1,"featured_media":0,"parent":0,"menu_order":0,"comment_status":"closed","ping_status":"closed","template":"","meta":{"footnotes":""},"class_list":["post-417","page","type-page","status-publish","hentry"],"_links":{"self":[{"href":"https:\/\/swissad.me\/de\/wp-json\/wp\/v2\/pages\/417","targetHints":{"allow":["GET"]}}],"collection":[{"href":"https:\/\/swissad.me\/de\/wp-json\/wp\/v2\/pages"}],"about":[{"href":"https:\/\/swissad.me\/de\/wp-json\/wp\/v2\/types\/page"}],"author":[{"embeddable":true,"href":"https:\/\/swissad.me\/de\/wp-json\/wp\/v2\/users\/1"}],"replies":[{"embeddable":true,"href":"https:\/\/swissad.me\/de\/wp-json\/wp\/v2\/comments?post=417"}],"version-history":[{"count":18,"href":"https:\/\/swissad.me\/de\/wp-json\/wp\/v2\/pages\/417\/revisions"}],"predecessor-version":[{"id":4648,"href":"https:\/\/swissad.me\/de\/wp-json\/wp\/v2\/pages\/417\/revisions\/4648"}],"wp:attachment":[{"href":"https:\/\/swissad.me\/de\/wp-json\/wp\/v2\/media?parent=417"}],"curies":[{"name":"wp","href":"https:\/\/api.w.org\/{rel}","templated":true}]}}